{"id":637,"date":"2020-02-04T11:37:05","date_gmt":"2020-02-04T10:37:05","guid":{"rendered":"https:\/\/hajnierdelyi.com\/?page_id=637"},"modified":"2020-07-29T15:03:06","modified_gmt":"2020-07-29T14:03:06","slug":"hajni-erdelyi","status":"publish","type":"page","link":"https:\/\/hajnierdelyi.com\/hu\/","title":{"rendered":"Hajni Erd\u00e9lyi"},"content":{"rendered":"\n<div style=\"height:30px\" aria-hidden=\"true\" class=\"wp-block-spacer\"><\/div>\n\n\n\n<div class=\"wp-block-media-text alignwide has-background is-stacked-on-mobile is-vertically-aligned-center\" style=\"background-color:#e6f0ec;grid-template-columns:45% auto\"><figure class=\"wp-block-media-text__media\"><img loading=\"lazy\" decoding=\"async\" width=\"741\" height=\"1024\" src=\"https:\/\/i0.wp.com\/hajnierdelyi.com\/wp-content\/uploads\/2020\/02\/DSC3408_crop.jpg?resize=741%2C1024&#038;ssl=1\" alt=\"\" class=\"wp-image-950\" srcset=\"https:\/\/i0.wp.com\/hajnierdelyi.com\/wp-content\/uploads\/2020\/02\/DSC3408_crop-scaled.jpg?resize=741%2C1024&amp;ssl=1 741w, https:\/\/i0.wp.com\/hajnierdelyi.com\/wp-content\/uploads\/2020\/02\/DSC3408_crop-scaled.jpg?resize=217%2C300&amp;ssl=1 217w, https:\/\/i0.wp.com\/hajnierdelyi.com\/wp-content\/uploads\/2020\/02\/DSC3408_crop-scaled.jpg?resize=768%2C1061&amp;ssl=1 768w, https:\/\/i0.wp.com\/hajnierdelyi.com\/wp-content\/uploads\/2020\/02\/DSC3408_crop-scaled.jpg?resize=1112%2C1536&amp;ssl=1 1112w, https:\/\/i0.wp.com\/hajnierdelyi.com\/wp-content\/uploads\/2020\/02\/DSC3408_crop-scaled.jpg?resize=1483%2C2048&amp;ssl=1 1483w, https:\/\/i0.wp.com\/hajnierdelyi.com\/wp-content\/uploads\/2020\/02\/DSC3408_crop-scaled.jpg?resize=1140%2C1575&amp;ssl=1 1140w, https:\/\/i0.wp.com\/hajnierdelyi.com\/wp-content\/uploads\/2020\/02\/DSC3408_crop-scaled.jpg?w=1853&amp;ssl=1 1853w\" sizes=\"(max-width: 741px) 100vw, 741px\" data-recalc-dims=\"1\" \/><\/figure><div class=\"wp-block-media-text__content\"><p class=\"fonts-plugin-block \" style=\"font-family: Cinzel;font-size: 50px;text-align: center;color: #a37b4c\">Feel Good<\/p>\n\n\n<div class=\"wp-block-group\"><div class=\"wp-block-group__inner-container is-layout-flow wp-block-group-is-layout-flow\">\n<div style=\"height:80px\" aria-hidden=\"true\" class=\"wp-block-spacer\"><\/div>\n\n\n<p class=\"fonts-plugin-block \" style=\"font-family: georgia;font-size: 26px;line-height: 1.9;text-align: center;color: #a37b4c\"> Szeretn\u00e9d j\u00f3l \u00e9rezni magad a b\u0151r\u00f6dben? N\u0151k\u00e9nt \u00e9s Anyak\u00e9nt egyens\u00falyba ker\u00fclni testileg, lelkileg, szellemileg?<br> <br>Gyere velem \u00e9s tal\u00e1ld meg az utat \u00f6nmagadhoz!   <\/p><\/div><\/div>\n\n\n\n<div style=\"height:30px\" aria-hidden=\"true\" class=\"wp-block-spacer\"><\/div>\n\n\n\n<div class=\"wp-block-button aligncenter is-style-outline\"><a class=\"wp-block-button__link has-text-color has-background\" style=\"background-color:#c1e4d6;color:#a37b4c\">Kezdd itt!<\/a><\/div>\n<\/div><\/div>\n\n\n\t\t\t\t<div class=\"rpsw-post-wrp rpsw-clearfix\">\r\n\t\t\t\t\t<div class=\"rpsw-post-wrap rpsw-post-grid template-2\">\r\n\r\n\t\t\t\t\t\t <div class=\"rpsw-first wp-cell-4 wpcell\">\r\n \t<div class=\"rpsw-image-outter\">\r\n\t<div class=\"rpsw-post-image-bg\">\r\n\t\t\t<a href=\"https:\/\/hajnierdelyi.com\/hu\/2024\/04\/22\/ezt-tegyuk-tisztaba\/\">\r\n\t\t\t\t\t\t\t<\/a>\r\n\t<\/div>\r\n\t\r\n\t<div class=\"rpsw-post-content \">\t\r\n\t\t\t\r\n\t\t  <h3 class=\"rpsw-post-title\">\r\n\t\t\t\t<a href=\"https:\/\/hajnierdelyi.com\/hu\/2024\/04\/22\/ezt-tegyuk-tisztaba\/\">Ezt tegy\u00fck tiszt\u00e1ba<\/a>\r\n\t\t\t<\/h3>\r\n\t\t\t\r\n\t\t\t<div class=\"rpsw-post-date\"> <i class=\"fa fa-calculator\" aria-hidden=\"true\"><\/i>\r\n\t\t\t    2024-04-22\t\t\t\t    \r\n\t\t\t\t\t\t\t\t\t\t\t\t<\/div>\r\n\t\t\t\t\t\t\t\t\r\n\t\t\t\t\t\r\n\t\t\t\t<div class=\"rpsw-content\">\r\n\t\t\t\t\t\t\t\t\t\t<div class=\"rpsw-sub-content\">Na, most tesztelve lett 'a tan\u00edt\u00e1som'. Vas\u00e1rnap reggelre, az \u00e9jszaka alatt valaki \u00f6sszet\u00f6rte az aut\u00f3nk elej\u00e9t \u00e9s elhajtott... A h\u00e1z el\u0151tt... Induln\u00e1nk szombaton Magyarorsz\u00e1gra... Anyway, engedtem a d\u00fch\u00f6t, csal\u00f3dotts\u00e1got de ugyanakkor csin\u00e1ltam a kis gyakorlataim ( l\u00e9gz\u00e9s, ima ( sz\u00e1momra ez a medit\u00e1ci\u00f3 egy form\u00e1ja), biztons\u00e1g jelel\u00e9s, grounding, term\u00e9szet, s\u00e9ta...)...<\/div>\t\r\n\t\t\t\t\t\t\t\t\t\t\r\n\t\t\t\t\t\t\t\t\t\t\t<a class=\"rpsw-btn\" href=\"https:\/\/hajnierdelyi.com\/hu\/2024\/04\/22\/ezt-tegyuk-tisztaba\/\">Read More<\/a>\r\n\t\t\t\t\t\t\t\t\t\t\r\n\t\t\t\t<\/div>\r\n\t\t\t\t\t\t\t\t<\/div>\r\n\t\t\t<\/div>\r\n\t\t\t\t\r\n\t\t\r\n\t<\/div> <div class=\" wp-cell-4 wpcell\">\r\n \t<div class=\"rpsw-image-outter\">\r\n\t<div class=\"rpsw-post-image-bg\">\r\n\t\t\t<a href=\"https:\/\/hajnierdelyi.com\/hu\/2024\/04\/15\/meglepodtem-mennyire-betriggelodtem\/\">\r\n\t\t\t\t\t\t\t<\/a>\r\n\t<\/div>\r\n\t\r\n\t<div class=\"rpsw-post-content \">\t\r\n\t\t\t\r\n\t\t  <h3 class=\"rpsw-post-title\">\r\n\t\t\t\t<a href=\"https:\/\/hajnierdelyi.com\/hu\/2024\/04\/15\/meglepodtem-mennyire-betriggelodtem\/\">Meglep\u0151dtem, mennyire betriggel\u0151dtem<\/a>\r\n\t\t\t<\/h3>\r\n\t\t\t\r\n\t\t\t<div class=\"rpsw-post-date\"> <i class=\"fa fa-calculator\" aria-hidden=\"true\"><\/i>\r\n\t\t\t    2024-04-15\t\t\t\t    \r\n\t\t\t\t\t\t\t\t\t\t\t\t<\/div>\r\n\t\t\t\t\t\t\t\t\r\n\t\t\t\t\t\r\n\t\t\t\t<div class=\"rpsw-content\">\r\n\t\t\t\t\t\t\t\t\t\t<div class=\"rpsw-sub-content\">Na, m\u00e1r megint m\u00e1s t\u00e9ma volt betervezve m\u00e1ra, de t\u00f6rt\u00e9nt valami a h\u00e9tv\u00e9g\u00e9n \u00e9s az most sokkal er\u0151sebb bennem, rem\u00e9lem megsz\u00f3l\u00edt T\u00e9ged is!&nbsp;Nagyon r\u00f6viden, an\u00e9lk\u00fcl hogy a r\u00e9szletekbe menn\u00e9k, a kisebb L\u00e1nyom sz\u00fclinapi bulij\u00e1t szervezem ( az els\u0151 amit szeretettet volna, az nem is siker\u00fclt...) \u00e9s lassabban kaptam v\u00e1laszokat mint...<\/div>\t\r\n\t\t\t\t\t\t\t\t\t\t\r\n\t\t\t\t\t\t\t\t\t\t\t<a class=\"rpsw-btn\" href=\"https:\/\/hajnierdelyi.com\/hu\/2024\/04\/15\/meglepodtem-mennyire-betriggelodtem\/\">Read More<\/a>\r\n\t\t\t\t\t\t\t\t\t\t\r\n\t\t\t\t<\/div>\r\n\t\t\t\t\t\t\t\t<\/div>\r\n\t\t\t<\/div>\r\n\t\t\t\t\r\n\t\t\r\n\t<\/div> <div class=\"rpsw-last wp-cell-4 wpcell\">\r\n \t<div class=\"rpsw-image-outter\">\r\n\t<div class=\"rpsw-post-image-bg\">\r\n\t\t\t<a href=\"https:\/\/hajnierdelyi.com\/hu\/2024\/03\/25\/magzataink-vesztesegeink\/\">\r\n\t\t\t\t\t\t\t<\/a>\r\n\t<\/div>\r\n\t\r\n\t<div class=\"rpsw-post-content \">\t\r\n\t\t\t\r\n\t\t  <h3 class=\"rpsw-post-title\">\r\n\t\t\t\t<a href=\"https:\/\/hajnierdelyi.com\/hu\/2024\/03\/25\/magzataink-vesztesegeink\/\">Magzataink, vesztes\u00e9geink<\/a>\r\n\t\t\t<\/h3>\r\n\t\t\t\r\n\t\t\t<div class=\"rpsw-post-date\"> <i class=\"fa fa-calculator\" aria-hidden=\"true\"><\/i>\r\n\t\t\t    2024-03-25\t\t\t\t    \r\n\t\t\t\t\t\t\t\t\t\t\t\t<\/div>\r\n\t\t\t\t\t\t\t\t\r\n\t\t\t\t\t\r\n\t\t\t\t<div class=\"rpsw-content\">\r\n\t\t\t\t\t\t\t\t\t\t<div class=\"rpsw-sub-content\">Hogy vagy?\u00c1lljunk meg egy pillanatra \u00e9s t\u00e9nyleg k\u00e9rdezem, Kedves, hogy vagy itt a tavaszi napfordul\u00f3, teli hold eklipsz \u00e9s mindj\u00e1rt h\u00fasv\u00e9t forgatag\u00e1ban? Abszol\u00fat nem err\u0151l akartam \u00edrni ma, de erre eml\u00e9keztetett Tina n\u0151 t\u00e1rsam \u00e9s ma van aktualit\u00e1sa. Ma van a magzatgyermekekek&nbsp;vil\u00e1gnapja, m\u00e1rcius 25.&nbsp;( Egy\u00e9bk\u00e9nt \u00e9n eddig nem tudtam err\u0151l,...<\/div>\t\r\n\t\t\t\t\t\t\t\t\t\t\r\n\t\t\t\t\t\t\t\t\t\t\t<a class=\"rpsw-btn\" href=\"https:\/\/hajnierdelyi.com\/hu\/2024\/03\/25\/magzataink-vesztesegeink\/\">Read More<\/a>\r\n\t\t\t\t\t\t\t\t\t\t\r\n\t\t\t\t<\/div>\r\n\t\t\t\t\t\t\t\t<\/div>\r\n\t\t\t<\/div>\r\n\t\t\t\t\r\n\t\t\r\n\t<\/div>\t\t\t\t\t<\/div>\r\n\t\t\t\t\t\r\n\t\t\t\t<\/div>\r\n\t\t  \n","protected":false},"excerpt":{"rendered":"","protected":false},"author":1,"featured_media":0,"parent":0,"menu_order":0,"comment_status":"closed","ping_status":"closed","template":"template-page-builder-no-sidebar.php","meta":{"_exactmetrics_skip_tracking":false,"_exactmetrics_sitenote_active":false,"_exactmetrics_sitenote_note":"","_exactmetrics_sitenote_category":0,"advanced_seo_description":"","jetpack_seo_html_title":"","jetpack_seo_noindex":false,"footnotes":""},"translation":{"provider":"WPGlobus","version":"3.0.0","language":"hu","enabled_languages":["en","hu"],"languages":{"en":{"title":true,"content":true,"excerpt":false},"hu":{"title":true,"content":true,"excerpt":false}}},"jetpack_likes_enabled":true,"jetpack_shortlink":"https:\/\/wp.me\/PbIAfB-ah","jetpack_sharing_enabled":true,"acf":[],"_links":{"self":[{"href":"https:\/\/hajnierdelyi.com\/hu\/wp-json\/wp\/v2\/pages\/637"}],"collection":[{"href":"https:\/\/hajnierdelyi.com\/hu\/wp-json\/wp\/v2\/pages"}],"about":[{"href":"https:\/\/hajnierdelyi.com\/hu\/wp-json\/wp\/v2\/types\/page"}],"author":[{"embeddable":true,"href":"https:\/\/hajnierdelyi.com\/hu\/wp-json\/wp\/v2\/users\/1"}],"replies":[{"embeddable":true,"href":"https:\/\/hajnierdelyi.com\/hu\/wp-json\/wp\/v2\/comments?post=637"}],"version-history":[{"count":75,"href":"https:\/\/hajnierdelyi.com\/hu\/wp-json\/wp\/v2\/pages\/637\/revisions"}],"predecessor-version":[{"id":1193,"href":"https:\/\/hajnierdelyi.com\/hu\/wp-json\/wp\/v2\/pages\/637\/revisions\/1193"}],"wp:attachment":[{"href":"https:\/\/hajnierdelyi.com\/hu\/wp-json\/wp\/v2\/media?parent=637"}],"curies":[{"name":"wp","href":"https:\/\/api.w.org\/{rel}","templated":true}]}}