{"id":1085,"date":"2020-05-03T20:50:01","date_gmt":"2020-05-03T19:50:01","guid":{"rendered":"https:\/\/hajnierdelyi.com\/?page_id=1085"},"modified":"2021-09-08T17:13:14","modified_gmt":"2021-09-08T16:13:14","slug":"esemenyek","status":"publish","type":"page","link":"https:\/\/hajnierdelyi.com\/hu\/esemenyek\/","title":{"rendered":"ESEM\u00c9NYEK"},"content":{"rendered":"\n<div class=\"wp-block-media-text alignwide has-media-on-the-right is-stacked-on-mobile\" style=\"grid-template-columns:auto 47%\" id=\"metabolic\"><figure class=\"wp-block-media-text__media\"><img loading=\"lazy\" decoding=\"async\" width=\"950\" height=\"626\" src=\"https:\/\/i0.wp.com\/hajnierdelyi.com\/wp-content\/uploads\/2021\/09\/51689768-mehritus.png?resize=950%2C626&#038;ssl=1\" alt=\"\" class=\"wp-image-1871 size-full\" srcset=\"https:\/\/i0.wp.com\/hajnierdelyi.com\/wp-content\/uploads\/2021\/09\/51689768-mehritus.png?w=950&amp;ssl=1 950w, https:\/\/i0.wp.com\/hajnierdelyi.com\/wp-content\/uploads\/2021\/09\/51689768-mehritus.png?resize=300%2C198&amp;ssl=1 300w, https:\/\/i0.wp.com\/hajnierdelyi.com\/wp-content\/uploads\/2021\/09\/51689768-mehritus.png?resize=768%2C506&amp;ssl=1 768w, https:\/\/i0.wp.com\/hajnierdelyi.com\/wp-content\/uploads\/2021\/09\/51689768-mehritus.png?resize=500%2C330&amp;ssl=1 500w\" sizes=\"(max-width: 950px) 100vw, 950px\" data-recalc-dims=\"1\" \/><\/figure><div class=\"wp-block-media-text__content\">\n<p><strong>N\u0151i mini elvonul\u00e1s &amp; M\u00e9h r\u00edtus \u00e1tad\u00e1s<\/strong><\/p>\n\n\n\n<p><em>Szeptember 19, vas\u00e1rnap 16:00-20:00; Avenue Paul Hymans 99<\/em><\/p>\n\n\n\n<p>N\u0151nek lenni nem egy szenved\u00e9s, N\u0151nek lenni \u00e1ld\u00e1s.<br>Az elvonul\u00e1s alatt tudatos\u00edtjuk, kapcsol\u00f3dunk \u00e9s felszabad\u00edtjuk n\u0151i er\u0151 k\u00f6zpontjainkat, felhaszn\u00e1lva a j\u00f3g\u00e1t, mozg\u00e1st, zen\u00e9t, medit\u00e1ci\u00f3t \u00e9s n\u0151i t\u00e1rsaink meg\u00e9lt b\u00f6lcsess\u00e9g\u00e9t.<br>A m\u00e9h\u00fcnk nem a szenved\u00e9s \u00e9s f\u00e1jdalom t\u00e1rhelye hanem a kreativit\u00e1sunk h\u00e1za az \u00e9let sz\u00fclet\u00e9s\u00e9nek b\u00f6lcs\u0151je, a m\u00e9h r\u00edtus \u00e1tad\u00e1sa ehhez ad utat, hogy visszat\u00e9rj\u00fcnk ezen benn\u00fck l\u00e9v\u0151 tiszta er\u0151h\u00f6z \u00e9s elengedj\u00fck sebeinket, f\u00e1jdalmainkat, szenved\u00e9s\u00fcnket.<br>Ez a d\u00e9lut\u00e1n nem csak kapcsol\u00f3d\u00e1s \u00f6nmagunkkal, hanem n\u0151 t\u00e1rsainkkal egy megtart\u00f3 k\u00f6rt alak\u00edtva.<br>Ha megsz\u00f3l\u00edtott ezen h\u00edv\u00e1s, v\u00e1runk szeretettel!<\/p>\n\n\n\n<p>Az elvonul\u00e1s t\u00e9r\u00edt\u00e9se: \u20ac80<\/p>\n\n\n\n<p>Az elvonul\u00e1s kis csoportos maximum 6 f\u0151 angol \u00e9s magyar nyelven lehets\u00e9ges<br>Jelentkez\u00e9s: <a href=\"mailto:kinehajni@gmail.com\">kinehajni@gmail.com<\/a> email c\u00edmen, k\u00e9rlek jelezd hogy ha csak magyarul venn\u00e9l r\u00e9szt rajta illetve ha az angol nyelv is ok. (Ig\u00e9ny eset\u00e9n ind\u00edtok csak magyarul is)<br>K\u00e9rlek mindenk\u00e9ppen jelezd, ha szeretn\u00e9l j\u00f6nni, de a szeptemberi id\u0151pont nem j\u00f3!<\/p>\n<\/div><\/div>\n\n\n\n<hr class=\"wp-block-separator\"\/>\n\n\n\n<div class=\"wp-block-media-text alignwide is-stacked-on-mobile\" style=\"grid-template-columns:46% auto\" id=\"birth-story\"><figure class=\"wp-block-media-text__media\"><img loading=\"lazy\" decoding=\"async\" width=\"960\" height=\"641\" src=\"https:\/\/i0.wp.com\/hajnierdelyi.com\/wp-content\/uploads\/2020\/04\/DSC3558.jpg?resize=960%2C641&#038;ssl=1\" alt=\"\" class=\"wp-image-1042 size-full\" srcset=\"https:\/\/i0.wp.com\/hajnierdelyi.com\/wp-content\/uploads\/2020\/04\/DSC3558-scaled.jpg?resize=1024%2C684&amp;ssl=1 1024w, https:\/\/i0.wp.com\/hajnierdelyi.com\/wp-content\/uploads\/2020\/04\/DSC3558-scaled.jpg?resize=300%2C200&amp;ssl=1 300w, https:\/\/i0.wp.com\/hajnierdelyi.com\/wp-content\/uploads\/2020\/04\/DSC3558-scaled.jpg?resize=768%2C513&amp;ssl=1 768w, https:\/\/i0.wp.com\/hajnierdelyi.com\/wp-content\/uploads\/2020\/04\/DSC3558-scaled.jpg?resize=1536%2C1025&amp;ssl=1 1536w, https:\/\/i0.wp.com\/hajnierdelyi.com\/wp-content\/uploads\/2020\/04\/DSC3558-scaled.jpg?resize=2048%2C1367&amp;ssl=1 2048w, https:\/\/i0.wp.com\/hajnierdelyi.com\/wp-content\/uploads\/2020\/04\/DSC3558-scaled.jpg?resize=1140%2C761&amp;ssl=1 1140w, https:\/\/i0.wp.com\/hajnierdelyi.com\/wp-content\/uploads\/2020\/04\/DSC3558-scaled.jpg?w=1920&amp;ssl=1 1920w\" sizes=\"(max-width: 960px) 100vw, 960px\" data-recalc-dims=\"1\" \/><\/figure><div class=\"wp-block-media-text__content\">\n<p><strong>This is my birth story sharing &amp; healing Circle \/ \u00cdgy sz\u00fcltem \u00e9n, egy k\u00f6r sz\u00fcl\u00e9s\u00e9lm\u00e9ny\u00fcnk megoszt\u00e1s\u00e1ra \u00e9s gy\u00f3gy\u00edt\u00e1s\u00e1ra<\/strong><\/p>\n\n\n\n<p><em>26.05.2021 Wednesday 19:30-21:00 Zoom Live (regular possible dates later)<\/em> in Hungarian only<\/p>\n\n\n\n<p>Whether you gave birth 10 years ago or 10 days ago by sharing your story helps you to integrate this very prominent part of your life, by listening to others you still integrate motherhood, transformation and new challenges. Sometimes we are stuck with our emotions, we can not share more to our friends or to our partner, because they grow tired of it or we think we should have gotten over with it by now. Or the opposite, it was quick and easy, maybe you had not time to grasp what just happened or overflowing joy but you don&#8217;t know with whom you could share it. You start to own your birth story which will empower you. The circle has a flexible structure and &#8216;exercises&#8217; which adapts whatever it emerges at that special time. This is an intimate and led circle. Places are limited and available for active sharing and for active listening.<br>To participate: please send me an email and let me know if you want to share or listen and which language you prefer ( ENG\/ HU).<br>Please share this opportunity with your sisters, friends! More powerful and happy women make peaceful and happy kids!<br>Price: 15 \u20ac \/ 35 \u20ac \/ 55\u20ac depending on your gratitude and appreciation exchange<br><br>Att\u00f3l f\u00fcggetlen\u00fcl, hogy 10 \u00e9ve vagy 10 napja adt\u00e1l \u00e9letet, a t\u00f6rt\u00e9neted dolgozik benned, ezt megosztva vagy m\u00e1sok\u00e9t hallgatva elm\u00e9ly\u00fcl \u00e9s az anyas\u00e1g, \u00e1talakul\u00e1s, \u00faj kih\u00edv\u00e1sok elfogad\u00e1sa \u00e9s meg\u00e9l\u00e9se fel\u00e9 visz. N\u00e9ha beleragadunk egy egy k\u00e9pbe\/ \u00e9rz\u00e9sbe, valami miatt nem mozdul tov\u00e1bb \u00e9s a k\u00f6r\u00fcl\u00f6tt\u00fcnk l\u00e9v\u0151k m\u00e1r nem tudnak \u00fajat mondani, \u00e1tlend\u00edteni, lehet m\u00e1r bele sem kezd\u00fcnk, mert azt \u00e9rezz\u00fck, ezen m\u00e1r r\u00e9g t\u00fal kellene lennem, ez h\u00fclyes\u00e9g.. Az is lehet, hogy olyan gyors \u00e9s k\u00f6nny\u0171 volt a sz\u00fcl\u00e9s hogy fel sem tudtad fogni, vagy ezt a t\u00fal\u00e1rad\u00f3 \u00f6r\u00f6m\u00f6t \u00e9s sikert nem tudod kivel megosztani. Meg\u00e9lni, birtokolni a sz\u00fcl\u00e9s t\u00f6rt\u00e9netedet egy \u00f3ri\u00e1si er\u0151. Ez egy intim \u00e9s biztons\u00e1gos k\u00f6r, rugalmas strukt\u00far\u00e1val, gyakorlatokkal, amely alkalmazkodik az \u00e9ppen felmer\u00fcl\u0151 t\u00f6rt\u00e9netekhez, energi\u00e1khoz. Helyek sz\u00e1ma limit\u00e1lt \u00e9s el\u00e9rhet\u0151ek: megoszt\u00f3k\u00e9nt \u00e9s hallgat\u00f3k\u00e9nt.<br>Ha szeretn\u00e9l jelentkezni, k\u00e9rlek \u00edrd meg, hogy megoszt\u00f3k\u00e9nt vagy hallgat\u00f3k\u00e9nt szeretn\u00e9l r\u00e9szt venni \u00e9s a prefer\u00e1lt nyelvet (ENG \/ HU).<br>K\u00e9rlek oszd meg ezt a lehet\u0151s\u00e9get bar\u00e1tn\u0151kkel, \u00e9rintettekkel! Min\u00e9l t\u00f6bb n\u0151 \u00e9rzi \u00e9s fogadja el\/be az erej\u00e9t, ann\u00e1l t\u00f6bb gyermek tud b\u00e9k\u00e9ben \u00e9s boldogs\u00e1gban feln\u0151ni.<\/p>\n\n\n\n<p>\u00c1r: 15 \u20ac \/ 35 \u20ac \/ 55\u20ac att\u00f3l f\u00fcgg\u0151en, hogyan szeretn\u00e9d t\u00e9r\u00edteni amit kapt\u00e1l<\/p>\n\n\n\n<p>Sign up:&nbsp;<a href=\"mailto:info@hajnierdelyi.com\">info@hajnierdelyi.com<\/a><\/p>\n<\/div><\/div>\n\n\n\n<hr class=\"wp-block-separator\"\/>\n\n\n\n<div class=\"wp-block-media-text alignwide has-media-on-the-right is-stacked-on-mobile\" style=\"grid-template-columns:auto 47%\" id=\"loss-sharing\"><figure class=\"wp-block-media-text__media\"><img loading=\"lazy\" decoding=\"async\" width=\"897\" height=\"1024\" src=\"https:\/\/i0.wp.com\/hajnierdelyi.com\/wp-content\/uploads\/2020\/03\/time-to-heal-small.png?resize=897%2C1024&#038;ssl=1\" alt=\"\" class=\"wp-image-1035 size-full\" srcset=\"https:\/\/i0.wp.com\/hajnierdelyi.com\/wp-content\/uploads\/2020\/03\/time-to-heal-small.png?resize=897%2C1024&amp;ssl=1 897w, https:\/\/i0.wp.com\/hajnierdelyi.com\/wp-content\/uploads\/2020\/03\/time-to-heal-small.png?resize=263%2C300&amp;ssl=1 263w, https:\/\/i0.wp.com\/hajnierdelyi.com\/wp-content\/uploads\/2020\/03\/time-to-heal-small.png?resize=768%2C877&amp;ssl=1 768w, https:\/\/i0.wp.com\/hajnierdelyi.com\/wp-content\/uploads\/2020\/03\/time-to-heal-small.png?w=1002&amp;ssl=1 1002w\" sizes=\"(max-width: 897px) 100vw, 897px\" data-recalc-dims=\"1\" \/><\/figure><div class=\"wp-block-media-text__content\">\n<p><strong>Loss sharing &amp; healing Circle \/ Vesztes\u00e9g k\u00f6r megoszt\u00e1sra \u00e9s gy\u00f3gy\u00edt\u00e1sra<\/strong><\/p>\n\n\n\n<p><em>23.06.2021 Wednesday 13:00-14:30 or 19:30-21:00 Zoom Live (regular possible dates later)<\/em><\/p>\n\n\n\n<p>You are not alone! If we don&#8217;t have knowledge, safe space to mourn our loss let it be miscarriage(s), abortion or still birth, it can still play rolls and shadow our life. We hold a safe space to be with the loss, feeling the pain and when it&#8217;s &#8216;over&#8217; we can gain more space to peace. The circle has a flexible structure and &#8216;exercises&#8217; which adapts whatever it emerges at that special time. This is an intimate and led circle. Places are limited and available for active sharing and for active listening.<br>To participate: please send me an email and let me know you want to share or listen and which language you prefer (ENG\/ HU).<br>Please share this opportunity with your sisters, friends!<br>Price: 15 \u20ac \/ 35 \u20ac \/ 55\u20ac depending on your gratitude and appreciation exchange<br><br>Nem vagy egyed\u00fcl. Ha nincs megfelel\u0151 tud\u00e1sunk, lehet\u0151s\u00e9g\u00fcnk, t\u00e1mogat\u00e1sunk akkor neh\u00e9z meggy\u00e1szolni a vesztes\u00e9g\u00fcnket legyen az abortusz, vet\u00e9l\u00e9s, vagy halva sz\u00fcl\u00e9s. Ezek mint f\u00e1jdalmas pontok n\u00e9ha tudattalanul szerepet j\u00e1tszanak az \u00e9let\u00fcnkben vagy \u00e1rny\u00e9kk\u00e9nt bes\u00f6t\u00e9t\u00edti \u00e9let\u00fcnket. Teret tartunk ahhoz hogy ez a f\u00e1jdalom \u00e9s vesztes\u00e9g megjelenhessen, elgy\u00e1szolhassuk, elf\u00e1jjuk \u00e9s amikor k\u00e9szen \u00e1llunk r\u00e1, a b\u00e9ke \u00e9rz\u00e9s\u00e9nek t\u00f6bb teret adjunk.<br>Ez egy intim \u00e9s biztons\u00e1gos k\u00f6r, rugalmas strukt\u00far\u00e1val, gyakorlatokkal, amely alkalmazkodik az \u00e9ppen felmer\u00fcl\u0151 t\u00f6rt\u00e9netekhez, energi\u00e1khoz. Helyek sz\u00e1ma limit\u00e1lt \u00e9s el\u00e9rhet\u0151ek: megoszt\u00f3k\u00e9nt \u00e9s hallgat\u00f3k\u00e9nt.<br>Ha szeretn\u00e9l jelentkezni, k\u00e9rlek \u00edrd meg, hogy megoszt\u00f3k\u00e9nt vagy hallgat\u00f3k\u00e9nt szeretn\u00e9l r\u00e9szt venni \u00e9s a prefer\u00e1lt nyelvet (ENG \/ HU)<\/p>\n\n\n\n<p>\u00c1r: 15 \u20ac \/ 35 \u20ac \/ 55\u20ac att\u00f3l f\u00fcgg\u0151en, hogyan szeretn\u00e9d t\u00e9r\u00edteni amit kapt\u00e1l<\/p>\n<\/div><\/div>\n\n\n\n<hr class=\"wp-block-separator\"\/>\n\n\n\n<div class=\"wp-block-media-text alignwide is-stacked-on-mobile\" style=\"grid-template-columns:46% auto\" id=\"open-your-heart\"><figure class=\"wp-block-media-text__media\"><img loading=\"lazy\" decoding=\"async\" width=\"960\" height=\"640\" src=\"https:\/\/i0.wp.com\/hajnierdelyi.com\/wp-content\/uploads\/2020\/09\/DSC3649.jpg?resize=960%2C640&#038;ssl=1\" alt=\"\" class=\"wp-image-1343 size-full\" srcset=\"https:\/\/i0.wp.com\/hajnierdelyi.com\/wp-content\/uploads\/2020\/09\/DSC3649-scaled.jpg?resize=1024%2C683&amp;ssl=1 1024w, https:\/\/i0.wp.com\/hajnierdelyi.com\/wp-content\/uploads\/2020\/09\/DSC3649-scaled.jpg?resize=300%2C200&amp;ssl=1 300w, https:\/\/i0.wp.com\/hajnierdelyi.com\/wp-content\/uploads\/2020\/09\/DSC3649-scaled.jpg?resize=768%2C512&amp;ssl=1 768w, https:\/\/i0.wp.com\/hajnierdelyi.com\/wp-content\/uploads\/2020\/09\/DSC3649-scaled.jpg?resize=1536%2C1024&amp;ssl=1 1536w, https:\/\/i0.wp.com\/hajnierdelyi.com\/wp-content\/uploads\/2020\/09\/DSC3649-scaled.jpg?resize=2048%2C1365&amp;ssl=1 2048w, https:\/\/i0.wp.com\/hajnierdelyi.com\/wp-content\/uploads\/2020\/09\/DSC3649-scaled.jpg?resize=1140%2C760&amp;ssl=1 1140w, https:\/\/i0.wp.com\/hajnierdelyi.com\/wp-content\/uploads\/2020\/09\/DSC3649-scaled.jpg?w=1920&amp;ssl=1 1920w\" sizes=\"(max-width: 960px) 100vw, 960px\" data-recalc-dims=\"1\" \/><\/figure><div class=\"wp-block-media-text__content\">\n<p><strong>Opening your heart Yoga &amp; Embodiment workshop<\/strong><\/p>\n\n\n\n<p><em><br>26.06.2021 Saturday 14:00-16:00 Zoom Live<\/em><br><br>Do you lead with your head more often than your heart?<br>Do you feel you need to protect your feelings and heart?<br>Is it difficult to feel and receive joy and love?<br>Connect and liberate your heart! Dare to love! Invite joy back in to your life! Open your heart and start the real life!<br>Practical tools, information, Yoga practice, embodiment, relaxation &amp; safe circle to unblock and balance our 4th chakra<br>ENG, only Women<\/p>\n\n\n\n<p>Price: 55 \u20ac, early bird price 45\u20ac till 12.06.2021<\/p>\n\n\n\n<p>Sign up:&nbsp;<a href=\"mailto:info@hajnierdelyi.com\">info@hajnierdelyi.com<\/a><\/p>\n<\/div><\/div>\n\n\n\n<p><\/p>\n","protected":false},"excerpt":{"rendered":"<p>N\u0151i mini elvonul\u00e1s &amp; M\u00e9h r\u00edtus \u00e1tad\u00e1s Szeptember 19, vas\u00e1rnap 16:00-20:00; Avenue Paul Hymans 99 N\u0151nek lenni nem egy szenved\u00e9s, N\u0151nek lenni \u00e1ld\u00e1s.Az elvonul\u00e1s alatt tudatos\u00edtjuk, kapcsol\u00f3dunk \u00e9s felszabad\u00edtjuk n\u0151i er\u0151 k\u00f6zpontjainkat, felhaszn\u00e1lva a j\u00f3g\u00e1t, mozg\u00e1st, zen\u00e9t, medit\u00e1ci\u00f3t \u00e9s n\u0151i t\u00e1rsaink meg\u00e9lt b\u00f6lcsess\u00e9g\u00e9t.A m\u00e9h\u00fcnk nem a szenved\u00e9s \u00e9s f\u00e1jdalom t\u00e1rhelye hanem a kreativit\u00e1sunk h\u00e1za az \u00e9let sz\u00fclet\u00e9s\u00e9nek b\u00f6lcs\u0151je, a m\u00e9h r\u00edtus \u00e1tad\u00e1sa ehhez ad utat, hogy visszat\u00e9rj\u00fcnk ezen benn\u00fck l\u00e9v\u0151 tiszta er\u0151h\u00f6z \u00e9s elengedj\u00fck sebeinket, f\u00e1jdalmainkat, szenved\u00e9s\u00fcnket.Ez a d\u00e9lut\u00e1n nem csak kapcsol\u00f3d\u00e1s \u00f6nmagunkkal, hanem n\u0151 t\u00e1rsainkkal egy megtart\u00f3 k\u00f6rt alak\u00edtva.Ha megsz\u00f3l\u00edtott ezen h\u00edv\u00e1s, v\u00e1runk szeretettel! Az elvonul\u00e1s t\u00e9r\u00edt\u00e9se: \u20ac80 Az elvonul\u00e1s kis csoportos maximum 6 f\u0151 angol \u00e9s magyar nyelven lehets\u00e9gesJelentkez\u00e9s: kinehajni@gmail.com email c\u00edmen, k\u00e9rlek jelezd hogy ha csak magyarul venn\u00e9l r\u00e9szt rajta illetve ha az angol nyelv is ok. (Ig\u00e9ny eset\u00e9n ind\u00edtok csak magyarul is)K\u00e9rlek mindenk\u00e9ppen jelezd, ha szeretn\u00e9l j\u00f6nni, de a szeptemberi id\u0151pont nem j\u00f3! This is my birth story sharing &amp; healing Circle \/ \u00cdgy sz\u00fcltem \u00e9n, egy k\u00f6r sz\u00fcl\u00e9s\u00e9lm\u00e9ny\u00fcnk megoszt\u00e1s\u00e1ra \u00e9s gy\u00f3gy\u00edt\u00e1s\u00e1ra 26.05.2021 Wednesday 19:30-21:00 Zoom Live (regular possible dates later) in Hungarian only Whether you gave birth 10 years ago or 10 days ago by sharing your story helps you to integrate this very prominent part of your life, by listening to others you still integrate motherhood, transformation and new challenges. Sometimes we are stuck with our emotions, we can not share more to our friends or to our partner, because they grow tired of it or we think we should have gotten over with it by now. Or the opposite, it was quick and easy, maybe you had not time to grasp what just happened or overflowing joy but you don&#8217;t know with whom you could share it. You start to own your birth story which will empower you. The circle has a flexible structure and &#8216;exercises&#8217; which adapts whatever it emerges at that special time. This is an intimate and led circle. Places are limited and available for active sharing and for active listening.To participate: please send me an email and let me know if you want to share or listen and which language you prefer ( ENG\/ HU).Please share this opportunity with your sisters, friends! More powerful and happy women make peaceful and happy kids!Price: 15 \u20ac \/ 35 \u20ac \/ 55\u20ac depending on your gratitude and appreciation exchange Att\u00f3l f\u00fcggetlen\u00fcl, hogy 10 \u00e9ve vagy 10 napja adt\u00e1l \u00e9letet, a t\u00f6rt\u00e9neted dolgozik benned, ezt megosztva vagy m\u00e1sok\u00e9t hallgatva elm\u00e9ly\u00fcl \u00e9s az anyas\u00e1g, \u00e1talakul\u00e1s, \u00faj kih\u00edv\u00e1sok elfogad\u00e1sa \u00e9s meg\u00e9l\u00e9se fel\u00e9 visz. N\u00e9ha beleragadunk egy egy k\u00e9pbe\/ \u00e9rz\u00e9sbe, valami miatt nem mozdul tov\u00e1bb \u00e9s a k\u00f6r\u00fcl\u00f6tt\u00fcnk l\u00e9v\u0151k m\u00e1r nem tudnak \u00fajat mondani, \u00e1tlend\u00edteni, lehet m\u00e1r bele sem kezd\u00fcnk, mert azt \u00e9rezz\u00fck, ezen m\u00e1r r\u00e9g t\u00fal kellene lennem, ez h\u00fclyes\u00e9g.. Az is lehet, hogy olyan gyors \u00e9s k\u00f6nny\u0171 volt a sz\u00fcl\u00e9s hogy fel sem tudtad fogni, vagy ezt a t\u00fal\u00e1rad\u00f3 \u00f6r\u00f6m\u00f6t \u00e9s sikert nem tudod kivel megosztani. Meg\u00e9lni, birtokolni a sz\u00fcl\u00e9s t\u00f6rt\u00e9netedet egy \u00f3ri\u00e1si er\u0151. Ez egy intim \u00e9s biztons\u00e1gos k\u00f6r, rugalmas strukt\u00far\u00e1val, gyakorlatokkal, amely alkalmazkodik az \u00e9ppen felmer\u00fcl\u0151 t\u00f6rt\u00e9netekhez, energi\u00e1khoz. Helyek sz\u00e1ma limit\u00e1lt \u00e9s el\u00e9rhet\u0151ek: megoszt\u00f3k\u00e9nt \u00e9s hallgat\u00f3k\u00e9nt.Ha szeretn\u00e9l jelentkezni, k\u00e9rlek \u00edrd meg, hogy megoszt\u00f3k\u00e9nt vagy hallgat\u00f3k\u00e9nt szeretn\u00e9l r\u00e9szt venni \u00e9s a prefer\u00e1lt nyelvet (ENG \/ HU).K\u00e9rlek oszd meg ezt a lehet\u0151s\u00e9get bar\u00e1tn\u0151kkel, \u00e9rintettekkel! Min\u00e9l t\u00f6bb n\u0151 \u00e9rzi \u00e9s fogadja el\/be az erej\u00e9t, ann\u00e1l t\u00f6bb gyermek tud b\u00e9k\u00e9ben \u00e9s boldogs\u00e1gban feln\u0151ni. \u00c1r: 15 \u20ac \/ 35 \u20ac \/ 55\u20ac att\u00f3l f\u00fcgg\u0151en, hogyan szeretn\u00e9d t\u00e9r\u00edteni amit kapt\u00e1l Sign up:&nbsp;info@hajnierdelyi.com Loss sharing &amp; healing Circle \/ Vesztes\u00e9g k\u00f6r megoszt\u00e1sra \u00e9s gy\u00f3gy\u00edt\u00e1sra 23.06.2021 Wednesday 13:00-14:30 or 19:30-21:00 Zoom Live (regular possible dates later) You are not alone! If we don&#8217;t have knowledge, safe space to mourn our loss let it be miscarriage(s), abortion or still birth, it can still play rolls and shadow our life. We hold a safe space to be with the loss, feeling the pain and when it&#8217;s &#8216;over&#8217; we can gain more space to peace. The circle has a flexible structure and &#8216;exercises&#8217; which adapts whatever it emerges at that special time. This is an intimate and led circle. Places are limited and available for active sharing and for active listening.To participate: please send me an email and let me know you want to share or listen and which language you prefer (ENG\/ HU).Please share this opportunity with your sisters, friends!Price: 15 \u20ac \/ 35 \u20ac \/ 55\u20ac depending on your gratitude and appreciation exchange Nem vagy egyed\u00fcl. Ha nincs megfelel\u0151 tud\u00e1sunk, lehet\u0151s\u00e9g\u00fcnk, t\u00e1mogat\u00e1sunk akkor neh\u00e9z meggy\u00e1szolni a vesztes\u00e9g\u00fcnket legyen az abortusz, vet\u00e9l\u00e9s, vagy halva sz\u00fcl\u00e9s. Ezek mint f\u00e1jdalmas pontok n\u00e9ha tudattalanul szerepet j\u00e1tszanak az \u00e9let\u00fcnkben vagy \u00e1rny\u00e9kk\u00e9nt bes\u00f6t\u00e9t\u00edti \u00e9let\u00fcnket. Teret tartunk ahhoz hogy ez a f\u00e1jdalom \u00e9s vesztes\u00e9g megjelenhessen, elgy\u00e1szolhassuk, elf\u00e1jjuk \u00e9s amikor k\u00e9szen \u00e1llunk r\u00e1, a b\u00e9ke \u00e9rz\u00e9s\u00e9nek t\u00f6bb teret adjunk.Ez egy intim \u00e9s biztons\u00e1gos k\u00f6r, rugalmas strukt\u00far\u00e1val, gyakorlatokkal, amely alkalmazkodik az \u00e9ppen felmer\u00fcl\u0151 t\u00f6rt\u00e9netekhez, energi\u00e1khoz. Helyek sz\u00e1ma limit\u00e1lt \u00e9s el\u00e9rhet\u0151ek: megoszt\u00f3k\u00e9nt \u00e9s hallgat\u00f3k\u00e9nt.Ha szeretn\u00e9l jelentkezni, k\u00e9rlek \u00edrd meg, hogy megoszt\u00f3k\u00e9nt vagy hallgat\u00f3k\u00e9nt szeretn\u00e9l r\u00e9szt venni \u00e9s a prefer\u00e1lt nyelvet (ENG \/ HU) \u00c1r: 15 \u20ac \/ 35 \u20ac \/ 55\u20ac att\u00f3l f\u00fcgg\u0151en, hogyan szeretn\u00e9d t\u00e9r\u00edteni amit kapt\u00e1l Opening your heart Yoga &amp; Embodiment workshop 26.06.2021 Saturday 14:00-16:00 Zoom Live Do you lead with your head more often than your heart?Do you feel you need to protect your feelings and heart?Is it difficult to feel and receive joy and love?Connect and liberate your heart! Dare to love! Invite joy back in to your life! Open your heart and start the real life!Practical tools, information, Yoga practice, embodiment, relaxation &amp; safe circle to unblock and balance our 4th chakraENG, only Women Price: 55 \u20ac, early bird price 45\u20ac till 12.06.2021 Sign up:&nbsp;info@hajnierdelyi.com<\/p>\n","protected":false},"author":1,"featured_media":0,"parent":0,"menu_order":0,"comment_status":"closed","ping_status":"closed","template":"","meta":{"_exactmetrics_skip_tracking":false,"_exactmetrics_sitenote_active":false,"_exactmetrics_sitenote_note":"","_exactmetrics_sitenote_category":0,"advanced_seo_description":"","jetpack_seo_html_title":"","jetpack_seo_noindex":false,"footnotes":""},"translation":{"provider":"WPGlobus","version":"3.0.0","language":"hu","enabled_languages":["en","hu"],"languages":{"en":{"title":true,"content":true,"excerpt":false},"hu":{"title":false,"content":false,"excerpt":false}}},"jetpack_likes_enabled":true,"jetpack_shortlink":"https:\/\/wp.me\/PbIAfB-hv","jetpack_sharing_enabled":true,"acf":[],"_links":{"self":[{"href":"https:\/\/hajnierdelyi.com\/hu\/wp-json\/wp\/v2\/pages\/1085"}],"collection":[{"href":"https:\/\/hajnierdelyi.com\/hu\/wp-json\/wp\/v2\/pages"}],"about":[{"href":"https:\/\/hajnierdelyi.com\/hu\/wp-json\/wp\/v2\/types\/page"}],"author":[{"embeddable":true,"href":"https:\/\/hajnierdelyi.com\/hu\/wp-json\/wp\/v2\/users\/1"}],"replies":[{"embeddable":true,"href":"https:\/\/hajnierdelyi.com\/hu\/wp-json\/wp\/v2\/comments?post=1085"}],"version-history":[{"count":50,"href":"https:\/\/hajnierdelyi.com\/hu\/wp-json\/wp\/v2\/pages\/1085\/revisions"}],"predecessor-version":[{"id":1873,"href":"https:\/\/hajnierdelyi.com\/hu\/wp-json\/wp\/v2\/pages\/1085\/revisions\/1873"}],"wp:attachment":[{"href":"https:\/\/hajnierdelyi.com\/hu\/wp-json\/wp\/v2\/media?parent=1085"}],"curies":[{"name":"wp","href":"https:\/\/api.w.org\/{rel}","templated":true}]}}