{"id":1054,"date":"2020-04-19T22:14:15","date_gmt":"2020-04-19T21:14:15","guid":{"rendered":"https:\/\/hajnierdelyi.com\/?page_id=1054"},"modified":"2020-04-19T23:22:57","modified_gmt":"2020-04-19T22:22:57","slug":"pivot","status":"publish","type":"page","link":"https:\/\/hajnierdelyi.com\/hu\/pivot\/","title":{"rendered":"PIVOT"},"content":{"rendered":"\n<p>&#8220;In the rush to return to normal, use this time to consider which parts of normal are worth rushing back to.\u201d &#8211; Dave Hollis<\/p>\n\n\n\n<p>Egy nagy v\u00e1ltoz\u00e1s (vil\u00e1g vagy szem\u00e9lyes szinten) megfelel\u0151 id\u0151 \u00e9s lehet\u0151s\u00e9g az \u00e1talakul\u00e1sra. Lehet visszasietni a megszokottba \u00e9s olyan is van akinek t\u00fal\u00e9l\u00e9sr\u0151l sz\u00f3lnak a napjai. Ugyanakkor ez az id\u0151szak egy komoly es\u00e9ly arra, hogy a rendszer, a rendszer\u00fcnk sz\u00e9tes\u00e9s\u00e9vel, \u0171r \/ reped\u00e9s keletkezzen \u00e9s fel\u00fclvizsg\u00e1ljam, hogy hogyan, merre tov\u00e1bb.<\/p>\n\n\n\n<p>A k\u00e9rd\u00e9s az, hogy hogyan \u00e1llok a v\u00e1ltoz\u00e1sokhoz?<br>Reaktivit\u00e1ssal? Vagy \u00f6nmagammal \u00f6sszehangolt csel\u00e9kv\u00e9ssel?<br>A reaktivit\u00e1s, rengeteg energi\u00e1t felem\u00e9szt, vakon visz a ki\u00e9g\u00e9s fel\u00e9.<br>M\u00edg egy \u00f6nmagammal \u00e9s \u00e9rt\u00e9keimmel \u00f6sszehangolt cselekv\u00e9s fenntarthat\u00f3, az ir\u00e1nya tudjuk hova tart.<br>Ez az id\u0151szak nem az \u00faj ismeretek megszerz\u00e9s\u00e9r\u0151l sz\u00f3l, horizont\u00e1lis terjeszked\u00e9sr\u0151l, hanem arr\u00f3l, hogy m\u00e9lyre menj\u00fcnk abban az ir\u00e1nyban amit v\u00e1lasztunk. Vertik\u00e1lis, azaz f\u00fcgg\u0151leges elm\u00e9ly\u00fcl\u00e9s.<\/p>\n\n\n\n<p>Hab\u00e1r kint tavasz van, ezer vir\u00e1ggal, bel\u00fcl \u00e9s a vil\u00e1g helyzet\u00e9ben: t\u00e9l, term\u00e9keny \u00fcress\u00e9g (fertile void), a rothad\u00e1s, a pihen\u00e9s, m\u00e9lyben val\u00f3 alakul\u00e1s id\u0151szaka.<br>Ez sokszor k\u00e9nyelmetlen, unalmas, nem t\u0171nik produkt\u00edvnak, pedig pont ebb\u0151l sz\u00fcletik az \u00faj.<br>Ki tudod v\u00e1rni? Bele tudod engedni magad? Vagy szeretn\u00e9d \u00e1tugrani?<br>Aki meg tudja \u00e9lni ezt a term\u00e9keny \u00fcress\u00e9get, nem sieti el, arra j\u00f3 term\u00e9s v\u00e1r cser\u00e9ben. A PIVOT egy alapot ad arra, hogy meg\u00e9ld ezt a term\u00e9keny \u00fcress\u00e9get, kapcsol\u00f3dj az \u00e9rt\u00e9keiddel \u00e9s r\u00e1j\u00f6jj milyen magokat szeretn\u00e9l el\u00fcltetni az \u00e9letedben. A PIVOT v\u00e9g\u00e9re pedig k\u00e9pes leszel megfogalmazni, hogy mi az az 1 c\u00e9l amire az elk\u00f6vetkezend\u0151 id\u0151ben \u00f6sszpontos\u00edtanod kell, hogy az \u00e9leted \u00f6sszes t\u00f6bbi r\u00e9sze is m\u0171k\u00f6dni tudjon.<br>A PIVOT egy ugr\u00e1s: f\u00f3kusz\u00e1lt, gyors, egyszer\u0171 \u00e9s csak T\u0151led f\u00fcgg mekkor\u00e1t \u00e9s merre ugrasz.<\/p>\n\n\n\n<h2 class=\"wp-block-heading\">A program tartalma:<\/h2>\n\n\n\n<ul><li><strong>5 ter\u00fclet, r\u00f6vid k\u00e9rd\u00e9scsoportok \u00e9s a ter\u00fcletekhez sz\u00fcks\u00e9ges t\u00f6m\u00f6r inform\u00e1ci\u00f3k, amelyeket email form\u00e1j\u00e1ban kapsz meg<\/strong><\/li><li><strong>egy Zoom k\u00f6z\u00f6s coaching call (60 perc) amelyben k\u00e9rdezhetsz, kapcsol\u00f3dhatsz (id\u0151pontot egy\u00fctt hat\u00e1rozzuk meg)<\/strong><\/li><li><strong>egy 15 perces 1:1 coaching call, ahol tov\u00e1bbi szem\u00e9lyes \u00fatmutat\u00e1st kaphatsz.<\/strong><\/li><\/ul>\n\n\n\n<p>Mikor: \u00e1prilis 22 &#8211; m\u00e1jus 3 (\u00e1prilis 26-ig m\u00e9g be lehet csatlakozni)<br>\u00c1ra: 80 \u20ac<br>Jelentkezni itt lehet:<br><div class=\"frm_forms  with_frm_style frm_style_formidable-style\" id=\"frm_form_3_container\" >\n<form enctype=\"multipart\/form-data\" method=\"post\" class=\"frm-show-form \" id=\"form_pivotregistration\" >\n<div class=\"frm_form_fields \">\n<fieldset>\n<legend class=\"frm_screen_reader\">PIVOT mini program regisztr\u00e1ci\u00f3<\/legend>\r\n\r\n<div class=\"frm_fields_container\">\n<input type=\"hidden\" name=\"frm_action\" value=\"create\" \/>\n<input type=\"hidden\" name=\"form_id\" value=\"3\" \/>\n<input type=\"hidden\" name=\"frm_hide_fields_3\" id=\"frm_hide_fields_3\" value=\"\" \/>\n<input type=\"hidden\" name=\"form_key\" value=\"pivotregistration\" \/>\n<input type=\"hidden\" name=\"item_meta[0]\" value=\"\" \/>\n<input type=\"hidden\" id=\"frm_submit_entry_3\" name=\"frm_submit_entry_3\" value=\"6dd0be809f\" \/><input type=\"hidden\" name=\"_wp_http_referer\" value=\"\/hu\/wp-json\/wp\/v2\/pages\/1054\" \/><div id=\"frm_field_7_container\" class=\"frm_form_field form-field  frm_required_field frm_top_container\">\r\n    <label for=\"field_kv7es\" id=\"field_kv7es_label\" class=\"frm_primary_label\">N\u00e9v\r\n        <span class=\"frm_required\">*<\/span>\r\n    <\/label>\r\n    <input type=\"text\" id=\"field_kv7es\" name=\"item_meta[7]\" value=\"\"  data-reqmsg=\"N\u00e9v cannot be blank.\" aria-required=\"true\" data-invmsg=\"Text is invalid\" aria-invalid=\"false\"  \/>\r\n    \r\n    \r\n<\/div>\n<div id=\"frm_field_6_container\" class=\"frm_form_field form-field  frm_top_container\">\r\n    <label for=\"field_lnbzt\" id=\"field_lnbzt_label\" class=\"frm_primary_label\">Email\r\n        <span class=\"frm_required\"><\/span>\r\n    <\/label>\r\n    <input type=\"email\" id=\"field_lnbzt\" name=\"item_meta[6]\" value=\"\"  data-invmsg=\"Email is invalid\" aria-invalid=\"false\"  \/>\r\n    \r\n    \r\n<\/div>\n\t<input type=\"hidden\" name=\"item_key\" value=\"\" \/>\n\t\t\t<div id=\"frm_field_13_container\">\n\t\t\t<label for=\"field_bq5dd\" >\n\t\t\t\tIf you are human, leave this field blank.\t\t\t<\/label>\n\t\t\t<input  id=\"field_bq5dd\" type=\"text\" class=\"frm_form_field form-field frm_verify\" name=\"item_meta[13]\" value=\"\"  \/>\n\t\t<\/div>\n\t\t<input name=\"frm_state\" type=\"hidden\" value=\"FxAhtmDs7nyC9qNdv4F+3VNZD6EqND+ufs+AE8tQqyo=\" \/><div class=\"frm_submit\">\r\n\r\n<button class=\"frm_button_submit\" type=\"submit\"  >Jelentkezem<\/button>\r\n\r\n<\/div><\/div>\n<\/fieldset>\n<\/div>\n\n<p style=\"display: none !important;\" class=\"akismet-fields-container\" data-prefix=\"ak_\"><label>&#916;<textarea name=\"ak_hp_textarea\" cols=\"45\" rows=\"8\" maxlength=\"100\"><\/textarea><\/label><input type=\"hidden\" id=\"ak_js_1\" name=\"ak_js\" value=\"239\"\/><script>document.getElementById( \"ak_js_1\" ).setAttribute( \"value\", ( new Date() ).getTime() );<\/script><\/p><\/form>\n<\/div>\n<br>Seg\u00edthetek ugrani? Mekkor\u00e1t \u00e9s merre?<br>Izgatottan v\u00e1rom jelentkez\u00e9seteket,<br>Hajni<\/p>\n","protected":false},"excerpt":{"rendered":"<p>&#8220;In the rush to return to normal, use this time to consider which parts of normal are worth rushing back to.\u201d &#8211; Dave Hollis Egy nagy v\u00e1ltoz\u00e1s (vil\u00e1g vagy szem\u00e9lyes szinten) megfelel\u0151 id\u0151 \u00e9s lehet\u0151s\u00e9g az \u00e1talakul\u00e1sra. Lehet visszasietni a megszokottba \u00e9s olyan is van akinek t\u00fal\u00e9l\u00e9sr\u0151l sz\u00f3lnak a napjai. Ugyanakkor ez az id\u0151szak egy komoly es\u00e9ly arra, hogy a rendszer, a rendszer\u00fcnk sz\u00e9tes\u00e9s\u00e9vel, \u0171r \/ reped\u00e9s keletkezzen \u00e9s fel\u00fclvizsg\u00e1ljam, hogy hogyan, merre tov\u00e1bb. A k\u00e9rd\u00e9s az, hogy hogyan \u00e1llok a v\u00e1ltoz\u00e1sokhoz?Reaktivit\u00e1ssal? Vagy \u00f6nmagammal \u00f6sszehangolt csel\u00e9kv\u00e9ssel?A reaktivit\u00e1s, rengeteg energi\u00e1t felem\u00e9szt, vakon visz a ki\u00e9g\u00e9s fel\u00e9.M\u00edg egy \u00f6nmagammal \u00e9s \u00e9rt\u00e9keimmel \u00f6sszehangolt cselekv\u00e9s fenntarthat\u00f3, az ir\u00e1nya tudjuk hova tart.Ez az id\u0151szak nem az \u00faj ismeretek megszerz\u00e9s\u00e9r\u0151l sz\u00f3l, horizont\u00e1lis terjeszked\u00e9sr\u0151l, hanem arr\u00f3l, hogy m\u00e9lyre menj\u00fcnk abban az ir\u00e1nyban amit v\u00e1lasztunk. Vertik\u00e1lis, azaz f\u00fcgg\u0151leges elm\u00e9ly\u00fcl\u00e9s. Hab\u00e1r kint tavasz van, ezer vir\u00e1ggal, bel\u00fcl \u00e9s a vil\u00e1g helyzet\u00e9ben: t\u00e9l, term\u00e9keny \u00fcress\u00e9g (fertile void), a rothad\u00e1s, a pihen\u00e9s, m\u00e9lyben val\u00f3 alakul\u00e1s id\u0151szaka.Ez sokszor k\u00e9nyelmetlen, unalmas, nem t\u0171nik produkt\u00edvnak, pedig pont ebb\u0151l sz\u00fcletik az \u00faj.Ki tudod v\u00e1rni? Bele tudod engedni magad? Vagy szeretn\u00e9d \u00e1tugrani?Aki meg tudja \u00e9lni ezt a term\u00e9keny \u00fcress\u00e9get, nem sieti el, arra j\u00f3 term\u00e9s v\u00e1r cser\u00e9ben. A PIVOT egy alapot ad arra, hogy meg\u00e9ld ezt a term\u00e9keny \u00fcress\u00e9get, kapcsol\u00f3dj az \u00e9rt\u00e9keiddel \u00e9s r\u00e1j\u00f6jj milyen magokat szeretn\u00e9l el\u00fcltetni az \u00e9letedben. A PIVOT v\u00e9g\u00e9re pedig k\u00e9pes leszel megfogalmazni, hogy mi az az 1 c\u00e9l amire az elk\u00f6vetkezend\u0151 id\u0151ben \u00f6sszpontos\u00edtanod kell, hogy az \u00e9leted \u00f6sszes t\u00f6bbi r\u00e9sze is m\u0171k\u00f6dni tudjon.A PIVOT egy ugr\u00e1s: f\u00f3kusz\u00e1lt, gyors, egyszer\u0171 \u00e9s csak T\u0151led f\u00fcgg mekkor\u00e1t \u00e9s merre ugrasz. A program tartalma: 5 ter\u00fclet, r\u00f6vid k\u00e9rd\u00e9scsoportok \u00e9s a ter\u00fcletekhez sz\u00fcks\u00e9ges t\u00f6m\u00f6r inform\u00e1ci\u00f3k, amelyeket email form\u00e1j\u00e1ban kapsz meg egy Zoom k\u00f6z\u00f6s coaching call (60 perc) amelyben k\u00e9rdezhetsz, kapcsol\u00f3dhatsz (id\u0151pontot egy\u00fctt hat\u00e1rozzuk meg) egy 15 perces 1:1 coaching call, ahol tov\u00e1bbi szem\u00e9lyes \u00fatmutat\u00e1st kaphatsz. Mikor: \u00e1prilis 22 &#8211; m\u00e1jus 3 (\u00e1prilis 26-ig m\u00e9g be lehet csatlakozni)\u00c1ra: 80 \u20acJelentkezni itt lehet: Seg\u00edthetek ugrani? Mekkor\u00e1t \u00e9s merre?Izgatottan v\u00e1rom jelentkez\u00e9seteket,Hajni<\/p>\n","protected":false},"author":1,"featured_media":0,"parent":0,"menu_order":0,"comment_status":"closed","ping_status":"closed","template":"","meta":{"_exactmetrics_skip_tracking":false,"_exactmetrics_sitenote_active":false,"_exactmetrics_sitenote_note":"","_exactmetrics_sitenote_category":0,"advanced_seo_description":"","jetpack_seo_html_title":"","jetpack_seo_noindex":false,"footnotes":""},"translation":{"provider":"WPGlobus","version":"3.0.0","language":"hu","enabled_languages":["en","hu"],"languages":{"en":{"title":true,"content":true,"excerpt":false},"hu":{"title":false,"content":false,"excerpt":false}}},"jetpack_likes_enabled":true,"jetpack_shortlink":"https:\/\/wp.me\/PbIAfB-h0","jetpack_sharing_enabled":true,"acf":[],"_links":{"self":[{"href":"https:\/\/hajnierdelyi.com\/hu\/wp-json\/wp\/v2\/pages\/1054"}],"collection":[{"href":"https:\/\/hajnierdelyi.com\/hu\/wp-json\/wp\/v2\/pages"}],"about":[{"href":"https:\/\/hajnierdelyi.com\/hu\/wp-json\/wp\/v2\/types\/page"}],"author":[{"embeddable":true,"href":"https:\/\/hajnierdelyi.com\/hu\/wp-json\/wp\/v2\/users\/1"}],"replies":[{"embeddable":true,"href":"https:\/\/hajnierdelyi.com\/hu\/wp-json\/wp\/v2\/comments?post=1054"}],"version-history":[{"count":7,"href":"https:\/\/hajnierdelyi.com\/hu\/wp-json\/wp\/v2\/pages\/1054\/revisions"}],"predecessor-version":[{"id":1069,"href":"https:\/\/hajnierdelyi.com\/hu\/wp-json\/wp\/v2\/pages\/1054\/revisions\/1069"}],"wp:attachment":[{"href":"https:\/\/hajnierdelyi.com\/hu\/wp-json\/wp\/v2\/media?parent=1054"}],"curies":[{"name":"wp","href":"https:\/\/api.w.org\/{rel}","templated":true}]}}